{"id":2,"date":"2025-04-17T20:58:37","date_gmt":"2025-04-17T18:58:37","guid":{"rendered":"http:\/\/testwp68-ai.you2.pl\/?page_id=2"},"modified":"2026-02-18T21:48:33","modified_gmt":"2026-02-18T20:48:33","slug":"przykladowa-strona","status":"publish","type":"page","link":"https:\/\/wp.lendas.pl\/index.php\/przykladowa-strona\/","title":{"rendered":"Obcy wr\u00f3cili i&#8230;"},"content":{"rendered":"\n<figure class=\"wp-block-image size-large\"><img loading=\"lazy\" decoding=\"async\" width=\"724\" height=\"1024\" src=\"https:\/\/wp.lendas.pl\/wp-content\/uploads\/2026\/02\/okladkja-1-atlas-serce-03-724x1024.jpg\" alt=\"\" class=\"wp-image-19\" srcset=\"https:\/\/wp.lendas.pl\/wp-content\/uploads\/2026\/02\/okladkja-1-atlas-serce-03-724x1024.jpg 724w, https:\/\/wp.lendas.pl\/wp-content\/uploads\/2026\/02\/okladkja-1-atlas-serce-03-212x300.jpg 212w, https:\/\/wp.lendas.pl\/wp-content\/uploads\/2026\/02\/okladkja-1-atlas-serce-03-768x1086.jpg 768w, https:\/\/wp.lendas.pl\/wp-content\/uploads\/2026\/02\/okladkja-1-atlas-serce-03-1086x1536.jpg 1086w, https:\/\/wp.lendas.pl\/wp-content\/uploads\/2026\/02\/okladkja-1-atlas-serce-03-1448x2048.jpg 1448w, https:\/\/wp.lendas.pl\/wp-content\/uploads\/2026\/02\/okladkja-1-atlas-serce-03-scaled.jpg 1811w\" sizes=\"auto, (max-width: 724px) 100vw, 724px\" \/><\/figure>\n\n\n\n<p><strong>Obcy wr\u00f3cili&#8230;<\/strong>&nbsp; nie po to, \u017ceby nas podbi\u0107, zbawi\u0107, czy nawet z nami rozmawia\u0107. Wr\u00f3cili jak audytorzy: policzyli, por\u00f3wnali\u2026 i zobaczyli to, czego my nie chcemy widzie\u0107 i wiedzie\u0107: Obcy widz\u0105, \u017ce p\u0119dzimy z dum\u0105, z flagami, z hymnami\u2026 i z u\u015bmiechem mieszka\u0144ca planety Ziemia, kt\u00f3ry naciska peda\u0142 \u201e<strong>dalej<\/strong>\u201d\u2026 cho\u0107 dobiega go krzyk <strong>ostrze\u017cenia<\/strong>!<\/p>\n\n\n\n<p>Kiedy patrzymy w nocne niebo, widzimy gwiazdy tak, jak wygl\u0105da\u0142y lata temu. Proxima Centauri \u015bwieci do nas \u015bwiat\u0142em, kt\u00f3re opu\u015bci\u0142o j\u0105, gdy na Ziemi trwa\u0142 jeszcze <strong>rok 2022<\/strong>. 61 Cygni wysy\u0142a nam sygna\u0142 sprzed ponad dekady. A przecie\u017c to najbli\u017csi s\u0105siedzi \u2014 pierwsze punkty na mapie, kt\u00f3r\u0105 mogliby\u015bmy nazwa\u0107 \u201enasz\u0105 okolic\u0105\u201d.<\/p>\n\n\n\n<p>Najbli\u017csza nasza okolica jest<strong> bezlito\u015bnie pusta<\/strong>.<\/p>\n\n\n\n<p>Mi\u0119dzy nami a najbli\u017csz\u0105 gwiazd\u0105 Proxim\u0105 widoczn\u0105 z po\u0142udniowej p\u00f3\u0142kuli, jest <strong>40 bilion\u00f3w kilometr\u00f3w pustki<\/strong>. Mi\u0119dzy nami a kolejn\u0105 gwiazd\u0105 widoczn\u0105 z p\u00f3\u0142nocnej p\u00f3\u0142kuli \u2014 jest ponad <strong>100 bilion\u00f3w<\/strong>. To dystanse, kt\u00f3rych nie da si\u0119 pokona\u0107 szybciej, ni\u017c pozwala na to fizyka. Nawet gdyby istnia\u0142a cywilizacja, kt\u00f3ra wyruszy\u0142a ku nam z pr\u0119dko\u015bci\u0105 naszych najlepszych rakiet chemicznych, ich podr\u00f3\u017c trwa\u0142aby <strong>dziesi\u0105tki tysi\u0119cy lat<\/strong>. D\u0142u\u017cej ni\u017c ca\u0142a historia Homo sapiens.<\/p>\n\n\n\n<p>Je\u015bli wi\u0119c liczymy, \u017ce kto\u015b nas ocali, \u017ce kto\u015b przyleci z odpowiedzi\u0105, z technologi\u0105, z m\u0105dro\u015bci\u0105 \u2014 to musimy zrozumie\u0107 jedno: <strong>nikt nie zd\u0105\u017cy<\/strong>, ani dostarczy\u0107 &#8222;Prezentu&#8221; ani nas podbi\u0107!<\/p>\n\n\n\n<p>Wszech\u015bwiat nie jest wrogi. On jest po prostu <strong>oboj\u0119tny z powodu odleg\u0142o\u015bci nie do pokonania.<\/strong><\/p>\n\n\n\n<figure class=\"wp-block-image size-large\"><img loading=\"lazy\" decoding=\"async\" width=\"1024\" height=\"678\" src=\"https:\/\/wp.lendas.pl\/wp-content\/uploads\/2026\/02\/bluedot-08-1024x678.jpg\" alt=\"\" class=\"wp-image-53\" srcset=\"https:\/\/wp.lendas.pl\/wp-content\/uploads\/2026\/02\/bluedot-08-1024x678.jpg 1024w, https:\/\/wp.lendas.pl\/wp-content\/uploads\/2026\/02\/bluedot-08-300x199.jpg 300w, https:\/\/wp.lendas.pl\/wp-content\/uploads\/2026\/02\/bluedot-08-768x508.jpg 768w, https:\/\/wp.lendas.pl\/wp-content\/uploads\/2026\/02\/bluedot-08.jpg 1535w\" sizes=\"auto, (max-width: 1024px) 100vw, 1024px\" \/><\/figure>\n\n\n\n<p>A my, na tej ma\u0142ej niebieskiej kropce, wci\u0105\u017c mamy wyb\u00f3r. Mo\u017cemy sta\u0107 si\u0119 Cywilizacj\u0105 \u2014 tak\u0105 przez du\u017ce \u201eC\u201d, kt\u00f3ra rozumie swoj\u0105 krucho\u015b\u0107 i swoje miejsce w kosmosie. Albo mo\u017cemy pozwoli\u0107, by nasze \u015bwiat\u0142o zgas\u0142o szybciej, ni\u017c dotrze do najbli\u017cszej gwiazdy. W tej skali nie jeste\u015bmy nawet py\u0142em. Jeste\u015bmy chwil\u0105 \u2014 b\u0142yskiem, kt\u00f3ry mo\u017ce znikn\u0105\u0107, zanim ktokolwiek zd\u0105\u017cy go zauwa\u017cy\u0107.<\/p>\n\n\n\n<p>I w\u0142a\u015bnie dlatego musimy przesta\u0107 liczy\u0107 na ratunek z gwiazd. nawet na KONTAKT! <strong>Musimy nauczy\u0107 si\u0119 \u017cy\u0107 i ratowa\u0107 sami siebie<\/strong>.<\/p>\n\n\n\n<p>Bo je\u015bli nie my, to nikt.<br>A je\u015bli nie teraz, to ju\u017c nigdy.<\/p>\n\n\n\n<p>Obcy widz\u0105, \u017ce na ma\u0142ej niebieskiej kropce \u2014&nbsp;Ziemi, nie mo\u017ce by\u0107 autorytetu, kt\u00f3ry sam nie by\u0142by \u201eoskar\u017conym\u201d. Drogowskazami dla Ziemi nie s\u0105: politycy, <em>rady pokoju<\/em> czy ONZ. Nie s\u0105 umys\u0142y nauki,&nbsp;czy religie. W ko\u0144cu wszyscy s\u0105 jako\u015b uwik\u0142ani w uk\u0142ady w tej czy innej grupie z podzielonej ludzko\u015bci! W\u015br\u00f3d lider\u00f3w i grup, nie us\u0142yszy si\u0119 otwarcie opowiadania si\u0119 za opcj\u0105 d\u0105\u017cenia do zag\u0142ady. <\/p>\n\n\n\n<blockquote class=\"wp-block-quote is-layout-flow wp-block-quote-is-layout-flow\">\n<p>Na sk\u0142\u00f3conej Ziemi, nikt <strong>nie b\u0119dzie sumieniem planety<\/strong>, nikt nie b\u0119dzie autorytetem. Nie ma przedstawiciela Ziemi, kt\u00f3ry mia\u0142by mandat w\u0142adzy i mo\u017cliwo\u015bci zmiany kursu z drogi ku samozag\u0142adzie istot z planety Ziemia na kurs ku Cywilizacji Wszech\u015bwiata, kt\u00f3ra nie zagra\u017ca\u0142aby innym. Istoty z Ziemi nie raz ju\u017c wykaza\u0142y, \u017ce s\u0105 zagro\u017ceniem dla samych siebie. Tym bardzie nikt nas nie pokocha&#8230; nie jeste\u015bmy Cywilizacj\u0105 jeste\u015bmy istotami z potencja\u0142em zagro\u017cenia Innym.<\/p>\n<\/blockquote>\n\n\n\n<figure class=\"wp-block-image size-large\"><img loading=\"lazy\" decoding=\"async\" width=\"724\" height=\"1024\" src=\"https:\/\/wp.lendas.pl\/wp-content\/uploads\/2026\/02\/tylna-06-ok-1-724x1024.jpg\" alt=\"\" class=\"wp-image-52\" srcset=\"https:\/\/wp.lendas.pl\/wp-content\/uploads\/2026\/02\/tylna-06-ok-1-724x1024.jpg 724w, https:\/\/wp.lendas.pl\/wp-content\/uploads\/2026\/02\/tylna-06-ok-1-212x300.jpg 212w, https:\/\/wp.lendas.pl\/wp-content\/uploads\/2026\/02\/tylna-06-ok-1-768x1086.jpg 768w, https:\/\/wp.lendas.pl\/wp-content\/uploads\/2026\/02\/tylna-06-ok-1-1086x1536.jpg 1086w, https:\/\/wp.lendas.pl\/wp-content\/uploads\/2026\/02\/tylna-06-ok-1-1448x2048.jpg 1448w, https:\/\/wp.lendas.pl\/wp-content\/uploads\/2026\/02\/tylna-06-ok-1-scaled.jpg 1811w\" sizes=\"auto, (max-width: 724px) 100vw, 724px\" \/><\/figure>\n\n\n\n<p>Ziemia i Ziemianie maj\u0105 naturalny &#8222;kaftan bezpiecze\u0144stwa&#8221;. S\u0105 nim odleg\u0142o\u015bci do najbli\u017cszych mo\u017cliwych s\u0105siad\u00f3w. To lata \u015bwietlne, kt\u00f3re dla Istot z chemicznymi technologiami nap\u0119d\u00f3w wykluczaj\u0105 podr\u00f3\u017ce przekraczaj\u0105ce ich czas istnienia. Nikt nie us\u0142yszy Ziemniak\u00f3w z planety Ziemia, gdy przyjdzie Dzie\u0144 Zag\u0142ady zgotowany nam przez nas samych. Ziemniaki dzisiaj nie czuj\u0105, \u017ce brniemy wszyscy wsp\u00f3lnie w \u015blepy zau\u0142ek, trwaj\u0105c w za\u015blepionej, ci\u0105g\u0142ej i bezsensownej wzajemnej wrogo\u015bci zgotowane samym sobie. <\/p>\n\n\n\n<p><\/p>\n","protected":false},"excerpt":{"rendered":"<p>Obcy wr\u00f3cili&#8230;&nbsp; nie po to, \u017ceby nas podbi\u0107, zbawi\u0107, czy nawet z nami rozmawia\u0107. Wr\u00f3cili jak audytorzy: policzyli, por\u00f3wnali\u2026 i zobaczyli to, czego my nie chcemy widzie\u0107 i wiedzie\u0107: Obcy widz\u0105, \u017ce p\u0119dzimy z dum\u0105, z flagami, z hymnami\u2026 i z u\u015bmiechem mieszka\u0144ca planety Ziemia, kt\u00f3ry naciska peda\u0142 \u201edalej\u201d\u2026 cho\u0107 dobiega go krzyk ostrze\u017cenia! Kiedy [&hellip;]<\/p>\n","protected":false},"author":1,"featured_media":0,"parent":0,"menu_order":0,"comment_status":"closed","ping_status":"closed","template":"","meta":{"footnotes":""},"class_list":["post-2","page","type-page","status-publish","hentry"],"_links":{"self":[{"href":"https:\/\/wp.lendas.pl\/index.php\/wp-json\/wp\/v2\/pages\/2","targetHints":{"allow":["GET"]}}],"collection":[{"href":"https:\/\/wp.lendas.pl\/index.php\/wp-json\/wp\/v2\/pages"}],"about":[{"href":"https:\/\/wp.lendas.pl\/index.php\/wp-json\/wp\/v2\/types\/page"}],"author":[{"embeddable":true,"href":"https:\/\/wp.lendas.pl\/index.php\/wp-json\/wp\/v2\/users\/1"}],"replies":[{"embeddable":true,"href":"https:\/\/wp.lendas.pl\/index.php\/wp-json\/wp\/v2\/comments?post=2"}],"version-history":[{"count":40,"href":"https:\/\/wp.lendas.pl\/index.php\/wp-json\/wp\/v2\/pages\/2\/revisions"}],"predecessor-version":[{"id":69,"href":"https:\/\/wp.lendas.pl\/index.php\/wp-json\/wp\/v2\/pages\/2\/revisions\/69"}],"wp:attachment":[{"href":"https:\/\/wp.lendas.pl\/index.php\/wp-json\/wp\/v2\/media?parent=2"}],"curies":[{"name":"wp","href":"https:\/\/api.w.org\/{rel}","templated":true}]}}